{"id":1369,"date":"2023-08-03T14:31:26","date_gmt":"2023-08-03T11:31:26","guid":{"rendered":"https:\/\/staging.evomedia.lt\/okst.lt\/apie-mus\/"},"modified":"2024-01-04T09:45:36","modified_gmt":"2024-01-04T06:45:36","slug":"about-us","status":"publish","type":"page","link":"https:\/\/www.okseta.lt\/en\/about-us\/","title":{"rendered":"About us"},"content":{"rendered":"<section class=\"l-section wpb_row us_custom_fe3ce55b height_auto\"><div class=\"l-section-h i-cf\"><div class=\"g-cols vc_row via_grid cols_1 laptops-cols_inherit tablets-cols_inherit mobiles-cols_1 valign_top type_default stacking_default\" style=\"grid-gap:0rem;\"><div class=\"wpb_column vc_column_container us_custom_f70d789f us_animate_this\"><div class=\"vc_column-inner\"><div class=\"wpb_text_column us_custom_ac3375c2 has_text_color\"><div class=\"wpb_wrapper\"><h1>About us<\/h1>\n<\/div><\/div><div class=\"w-separator size_custom\" style=\"height:20px\"><\/div><div class=\"wpb_text_column us_custom_0d2aad59 has_text_color\"><div class=\"wpb_wrapper\"><p><strong>Since the very start we have been committed to providing professional and high-quality customer services and project implementation<\/strong><\/p>\n<\/div><\/div><div class=\"w-image hero-decoration align_none\"><div url class=\"w-image-h\"><img decoding=\"async\" src=\"https:\/\/www.okseta.lt\/wp-content\/uploads\/Header-hero-detail-01.svg\" class=\"attachment-full size-full\" alt=\"\" \/><\/div><\/div><\/div><\/div><\/div><\/div><\/section><section class=\"l-section wpb_row us_custom_598c9e1f height_auto\"><div class=\"l-section-h i-cf\"><div class=\"g-cols vc_row via_grid cols_1-2 laptops-cols_inherit tablets-cols_inherit mobiles-cols_1 valign_top type_default stacking_default\" style=\"grid-gap:0rem;\"><div class=\"wpb_column vc_column_container us_custom_91bab30e us_animate_this\"><div class=\"vc_column-inner\"><div class=\"wpb_text_column us_custom_99178c18\"><div class=\"wpb_wrapper\"><p><strong>&#8220;Okseta&#8221; is a modern and dynamic company, expanding its activities and adapting to changes in the business environment<\/strong><\/p>\n<\/div><\/div><div class=\"w-separator size_custom\" style=\"height:0px\" id=\"ebb5\"><style>@media(max-width:1024px){ #ebb5{height:35px!important}}@media(max-width:600px){ #ebb5{height:35px!important}}<\/style><\/div><\/div><\/div><div class=\"wpb_column vc_column_container us_custom_4ef5d869 us_animate_this\"><div class=\"vc_column-inner\"><div class=\"wpb_text_column\"><div class=\"wpb_wrapper\"><p>&#8220;Okseta&#8221; was incorporated back in 1996, when it started wholesale trade in light oil products. In 1997, the company entered and established itself in the petroleum products retail sector. Our success was guaranteed by the gas stations already owned and rented out, where fuel sales exceeded everyone\u2019s expectations. Taking part in an everchanging and expanding business sector, \u201cOkseta\u201d has built an oil products terminal in Vilnius in 2005, which it later sold and acquired a larger oil products terminal in Kaunas, where it provides storage services for light oil products to this very day.<\/p>\n<p>In addition, &#8220;Okseta&#8221; provides logistics and transport services for oil products and liquefied gas, and has specialised in gas station technical maintenance since 2006.<\/p>\n<p>We continuously analyse and assess business development opportunities and the needs of our clients, and as a result of the increase in demand for office space, in 2008 the company started renting office space. &#8220;Okseta&#8221; has built a modern business centre &#8220;ORANGE office&#8221; with an area of 15 thousand sq. m., which is still one of the most popular and the largest successful rental objects in Vilnius region.<\/p>\n<p>In 2010, &#8220;Okseta&#8221; became a certified construction company, allowing it to carry out special construction works (pipeline welding, installation of structures and technical equipment, industrial painting, etc.), and we are proud to employ only certified and qualified professionals.<\/p>\n<p>In the year 2012, the Building Production Certification Centre has issued &#8220;Okseta&#8221; a certificate of qualification, which entitles the company to be a contractor for the construction of special buildings. In addition, &#8220;Okseta&#8221; holds certificates from the State Energy Inspectorate allowing us to operate natural gas and electricity installations, oil and oil products installations, liquefied gas and heat installations, as well as turbines.<\/p>\n<p>&#8220;Okseta&#8221;, being successful in wholesale and retail trade of light oil products, has acquired two new oil product terminals in K\u0117dainiai and Panev\u0117\u017eys in 2018-2019.<\/p>\n<p>&#8220;Okseta&#8221; is a modern and dynamic company operating according to LEAN methodology and ISO standards (ISO 9001 Quality, ISO 45001 Occupational Health and Safety, ISO 14001 Environmental Management Systems) we take pride in being able to adapt to changes in business and environment.<\/p>\n<\/div><\/div><div class=\"w-separator size_custom\" style=\"height:65px\" id=\"ue1f\"><style>@media(max-width:1024px){ #ue1f{height:35px!important}}@media(max-width:600px){ #ue1f{height:35px!important}}<\/style><\/div><div class=\"wpb_text_column\"><div class=\"wpb_wrapper\"><\/div><\/div><\/div><\/div><\/div><\/div><\/section><section class=\"l-section wpb_row us_custom_98677507 has_text_color us_animate_this height_auto\"><div class=\"l-section-h i-cf\"><div class=\"g-cols vc_row via_grid cols_2 laptops-cols_inherit tablets-cols_inherit mobiles-cols_1 valign_middle type_default stacking_default\"><div class=\"wpb_column vc_column_container\"><div class=\"vc_column-inner\"><div class=\"g-cols wpb_row via_grid cols_1 laptops-cols_inherit tablets-cols_inherit mobiles-cols_1 valign_top type_default stacking_default\"><div class=\"wpb_column vc_column_container\"><div class=\"vc_column-inner\"><div class=\"wpb_text_column us_custom_6444d825 horizontal-red-line\"><div class=\"wpb_wrapper\"><p><strong>Since the very start we have been committed to providing professional and high-quality customer services and project implementation<\/strong><\/p>\n<\/div><\/div><\/div><\/div><\/div><div class=\"w-separator size_custom\" style=\"height:0px\" id=\"x28f\"><style>@media(max-width:1024px){ #x28f{height:35px!important}}@media(max-width:600px){ #x28f{height:35px!important}}<\/style><\/div><\/div><\/div><div class=\"wpb_column vc_column_container\"><div class=\"vc_column-inner\"><div class=\"w-image align_none\"><div url class=\"w-image-h\"><img loading=\"lazy\" decoding=\"async\" width=\"1168\" height=\"595\" src=\"https:\/\/www.okseta.lt\/wp-content\/uploads\/Auksciausi-prioritetai-01.png\" class=\"attachment-full size-full\" alt=\"\" srcset=\"https:\/\/www.okseta.lt\/wp-content\/uploads\/Auksciausi-prioritetai-01.png 1168w, https:\/\/www.okseta.lt\/wp-content\/uploads\/Auksciausi-prioritetai-01-300x153.png 300w, https:\/\/www.okseta.lt\/wp-content\/uploads\/Auksciausi-prioritetai-01-1024x522.png 1024w\" sizes=\"auto, (max-width: 1168px) 100vw, 1168px\" \/><\/div><\/div><\/div><\/div><\/div><\/div><\/section><section class=\"l-section wpb_row us_custom_de03ab05 height_auto\"><div class=\"l-section-h i-cf\"><div class=\"g-cols vc_row via_grid cols_1 laptops-cols_inherit tablets-cols_inherit mobiles-cols_1 valign_top type_default stacking_default\"><div class=\"wpb_column vc_column_container\"><div class=\"vc_column-inner\"><div class=\"g-cols wpb_row us_custom_f70d789f us_animate_this via_grid cols_1 laptops-cols_inherit tablets-cols_inherit mobiles-cols_1 valign_top type_default stacking_default\"><div class=\"wpb_column vc_column_container\"><div class=\"vc_column-inner\"><div class=\"wpb_text_column horizontal-red-line row-title\"><div class=\"wpb_wrapper\"><h3>Our operating principles<\/h3>\n<\/div><\/div><\/div><\/div><\/div><div class=\"w-separator size_custom\" style=\"height:60px\" id=\"ob90\"><style>@media(max-width:1024px){ #ob90{height:0px!important}}@media(max-width:600px){ #ob90{height:0px!important}}<\/style><\/div><div class=\"g-cols wpb_row us_custom_1fb8b2dc us_animate_this via_grid cols_3 laptops-cols_inherit tablets-cols_inherit mobiles-cols_1 valign_top type_default stacking_default\" style=\"grid-gap:0rem;\"><div class=\"wpb_column vc_column_container custom-veiklos-principai\"><div class=\"vc_column-inner\"><div class=\"w-image align_none\"><div url class=\"w-image-h\"><img decoding=\"async\" src=\"https:\/\/www.okseta.lt\/wp-content\/uploads\/Konkurencingumas-icon-01.svg\" class=\"attachment-full size-full\" alt=\"\" \/><\/div><\/div><div class=\"w-text veikl-princ-title\"><span url class=\"w-text-h\"><span class=\"w-text-value\">Competitiveness<\/span><\/span><\/div><div class=\"wpb_text_column veikl-princ-description\"><div class=\"wpb_wrapper\"><p>We offer our customers the best prices and the highest quality.<\/p>\n<\/div><\/div><\/div><\/div><div class=\"wpb_column vc_column_container custom-veiklos-principai\"><div class=\"vc_column-inner\"><div class=\"w-image us_custom_bbb85d87 align_none\"><div url class=\"w-image-h\"><img loading=\"lazy\" decoding=\"async\" width=\"324\" height=\"325\" src=\"https:\/\/www.okseta.lt\/wp-content\/uploads\/Okseta-ikonele-001.png\" class=\"attachment-full size-full\" alt=\"\" srcset=\"https:\/\/www.okseta.lt\/wp-content\/uploads\/Okseta-ikonele-001.png 324w, https:\/\/www.okseta.lt\/wp-content\/uploads\/Okseta-ikonele-001-300x300.png 300w, https:\/\/www.okseta.lt\/wp-content\/uploads\/Okseta-ikonele-001-150x150.png 150w\" sizes=\"auto, (max-width: 324px) 100vw, 324px\" \/><\/div><\/div><div class=\"w-text veikl-princ-title\"><span url class=\"w-text-h\"><span class=\"w-text-value\">Responsiveness<\/span><\/span><\/div><div class=\"wpb_text_column veikl-princ-description\"><div class=\"wpb_wrapper\"><p>In our daily work we strive to deliver solutions quickly and confidently.<\/p>\n<\/div><\/div><\/div><\/div><div class=\"wpb_column vc_column_container custom-veiklos-principai\"><div class=\"vc_column-inner\"><div class=\"w-image align_none\"><div url class=\"w-image-h\"><img decoding=\"async\" src=\"https:\/\/www.okseta.lt\/wp-content\/uploads\/Inovatyvumas-icon-01.svg\" class=\"attachment-full size-full\" alt=\"\" \/><\/div><\/div><div class=\"w-text veikl-princ-title\"><span url class=\"w-text-h\"><span class=\"w-text-value\">Innovation<\/span><\/span><\/div><div class=\"wpb_text_column veikl-princ-description\"><div class=\"wpb_wrapper\"><p>It&#8217;s not just about the latest technology, equipment or solutions alone &#8211; it&#8217;s about operational strategy.<\/p>\n<\/div><\/div><\/div><\/div><\/div><div class=\"g-cols wpb_row us_custom_47d40b1d us_animate_this via_grid cols_3 laptops-cols_inherit tablets-cols_inherit mobiles-cols_1 valign_top type_default stacking_default\" style=\"grid-gap:0rem;\"><div class=\"wpb_column vc_column_container custom-veiklos-principai\"><div class=\"vc_column-inner\"><div class=\"w-image align_none\"><div url class=\"w-image-h\"><img decoding=\"async\" src=\"https:\/\/www.okseta.lt\/wp-content\/uploads\/Bendradarbiavimas-icon-01.svg\" class=\"attachment-full size-full\" alt=\"\" \/><\/div><\/div><div class=\"w-text veikl-princ-title\"><span url class=\"w-text-h\"><span class=\"w-text-value\">Cooperation<\/span><\/span><\/div><div class=\"wpb_text_column veikl-princ-description\"><div class=\"wpb_wrapper\"><p>Every partnership is important to us because it opens up new opportunities that create added value and help us to remain stable and competitive in our markets.<\/p>\n<\/div><\/div><\/div><\/div><div class=\"wpb_column vc_column_container custom-veiklos-principai\"><div class=\"vc_column-inner\"><div class=\"w-image align_none\"><div url class=\"w-image-h\"><img decoding=\"async\" src=\"https:\/\/www.okseta.lt\/wp-content\/uploads\/Patikimumas-icon-01.svg\" class=\"attachment-full size-full\" alt=\"\" \/><\/div><\/div><div class=\"w-text veikl-princ-title\"><span url class=\"w-text-h\"><span class=\"w-text-value\">Reliability<\/span><\/span><\/div><div class=\"wpb_text_column veikl-princ-description\"><div class=\"wpb_wrapper\"><p>We are participating in our trade for years because we meet deadlines and perform our obligations on time. We act with integrity and stick to our values.<\/p>\n<\/div><\/div><\/div><\/div><div class=\"wpb_column vc_column_container\"><div class=\"vc_column-inner\"><\/div><\/div><\/div><\/div><\/div><\/div><\/div><\/section><section class=\"l-section wpb_row us_custom_8cad5e56 has_text_color height_auto\"><div class=\"l-section-h i-cf\"><div class=\"g-cols vc_row via_grid cols_1 laptops-cols_inherit tablets-cols_inherit mobiles-cols_1 valign_top type_default stacking_default\"><div class=\"wpb_column vc_column_container\"><div class=\"vc_column-inner\"><div class=\"g-cols wpb_row via_grid cols_3 laptops-cols_inherit tablets-cols_inherit mobiles-cols_1 valign_top type_default stacking_default\"><div class=\"wpb_column vc_column_container\"><div class=\"vc_column-inner\"><div class=\"wpb_text_column horizontal-red-line row-title\"><div class=\"wpb_wrapper\"><h3>Operational indicators<\/h3>\n<\/div><\/div><\/div><\/div><div class=\"wpb_column vc_column_container\"><div class=\"vc_column-inner\"><div class=\"w-counter veiklos-skaiciai-titles color_text align_left\" data-duration=\"2\"><div class=\"w-counter-value\"><span class=\"w-counter-value-part type_text\" data-final=\"Since \">Since <\/span><span class=\"w-counter-value-part type_number\" data-final=\"1996\">1<\/span><span class=\"w-counter-value-part type_text\" data-final=\"\"><\/span><\/div><\/div><div class=\"w-text veiklos-skaiciai-titles hide_on_default hide_on_laptops hide_on_tablets hide_on_mobiles\"><span url class=\"w-text-h\"><span class=\"w-text-value\">27 years<\/span><\/span><\/div><div class=\"wpb_text_column veiklos-skaiciai-short-desc\"><div class=\"wpb_wrapper\"><p>Year of the company establishment<\/p>\n<\/div><\/div><div class=\"w-html us_custom_7bc57cb9 red-horizontal-line\"><\/div><\/div><\/div><div class=\"wpb_column vc_column_container\"><div class=\"vc_column-inner\"><div class=\"w-counter veiklos-skaiciai-titles color_text align_left\" data-duration=\"2\"><div class=\"w-counter-value\"><span class=\"w-counter-value-part type_text\" data-final=\"\"><\/span><span class=\"w-counter-value-part type_number\" data-final=\"130\">1<\/span><span class=\"w-counter-value-part type_text\" data-final=\" employees\"> employees<\/span><\/div><\/div><div class=\"wpb_text_column veiklos-skaiciai-short-desc\"><div class=\"wpb_wrapper\"><p>Number of employees in the company<\/p>\n<\/div><\/div><div class=\"w-html us_custom_7bc57cb9 red-horizontal-line\"><\/div><\/div><\/div><\/div><div class=\"w-separator size_custom\" style=\"height:100px\" id=\"o2f3\"><style>@media(max-width:1024px){ #o2f3{height:30px!important}}@media(max-width:600px){ #o2f3{height:30px!important}}<\/style><\/div><div class=\"g-cols wpb_row via_grid cols_3 laptops-cols_inherit tablets-cols_inherit mobiles-cols_1 valign_top type_default stacking_default\"><div class=\"wpb_column vc_column_container\"><div class=\"vc_column-inner\"><div class=\"w-counter veiklos-skaiciai-titles color_text align_left\" data-duration=\"2\"><div class=\"w-counter-value\"><span class=\"w-counter-value-part type_text\" data-final=\"\"><\/span><span class=\"w-counter-value-part type_number\" data-final=\"17 500\">1<\/span><span class=\"w-counter-value-part type_text\" data-final=\" m\u00b2\"> m\u00b2<\/span><\/div><\/div><div class=\"wpb_text_column veiklos-skaiciai-short-desc\"><div class=\"wpb_wrapper\"><p>Rented area<\/p>\n<\/div><\/div><div class=\"w-html us_custom_7bc57cb9 red-horizontal-line\"><\/div><\/div><\/div><div class=\"wpb_column vc_column_container\"><div class=\"vc_column-inner\"><div class=\"w-counter veiklos-skaiciai-titles color_text align_left\" data-duration=\"2\"><div class=\"w-counter-value\"><span class=\"w-counter-value-part type_text\" data-final=\"&gt;\"><\/span><span class=\"w-counter-value-part type_number\" data-final=\"300\">1<\/span><span class=\"w-counter-value-part type_text\" data-final=\" pcs.\"> pcs.<\/span><\/div><\/div><div class=\"wpb_text_column veiklos-skaiciai-short-desc\"><div class=\"wpb_wrapper\"><p>Facilities served<\/p>\n<\/div><\/div><div class=\"w-html us_custom_7bc57cb9 red-horizontal-line\"><\/div><\/div><\/div><div class=\"wpb_column vc_column_container\"><div class=\"vc_column-inner\"><div class=\"w-counter veiklos-skaiciai-titles color_text align_left\" data-duration=\"2\"><div class=\"w-counter-value\"><span class=\"w-counter-value-part type_text\" data-final=\"\"><\/span><span class=\"w-counter-value-part type_number\" data-final=\"99 150\">1<\/span><span class=\"w-counter-value-part type_text\" data-final=\" m\u00b3\"> m\u00b3<\/span><\/div><\/div><div class=\"wpb_text_column veiklos-skaiciai-short-desc\"><div class=\"wpb_wrapper\"><p>Total volume of terminal storage<\/p>\n<\/div><\/div><div class=\"w-html us_custom_7bc57cb9 red-horizontal-line\"><\/div><\/div><\/div><\/div><\/div><\/div><\/div><\/div><\/section>\n<section class=\"l-section wpb_row us_custom_a6f22373 height_medium\"><div class=\"l-section-h i-cf\"><div class=\"g-cols vc_row via_grid cols_3 laptops-cols_inherit tablets-cols_inherit mobiles-cols_1 valign_top type_default stacking_default\"><div class=\"wpb_column vc_column_container us_custom_018d35f8 us_animate_this\"><div class=\"vc_column-inner\"><div class=\"w-image us_custom_8d5aa4e2 align_none\"><div url class=\"w-image-h\"><img loading=\"lazy\" decoding=\"async\" width=\"1024\" height=\"672\" src=\"https:\/\/www.okseta.lt\/wp-content\/uploads\/Nuotrauka-2023-12-21_1-1024x672.png\" class=\"attachment-large size-large\" alt=\"\" srcset=\"https:\/\/www.okseta.lt\/wp-content\/uploads\/Nuotrauka-2023-12-21_1-1024x672.png 1024w, https:\/\/www.okseta.lt\/wp-content\/uploads\/Nuotrauka-2023-12-21_1-300x197.png 300w, https:\/\/www.okseta.lt\/wp-content\/uploads\/Nuotrauka-2023-12-21_1.png 1080w\" sizes=\"auto, (max-width: 1024px) 100vw, 1024px\" \/><\/div><\/div><div class=\"w-image align_none\"><div url class=\"w-image-h\"><img loading=\"lazy\" decoding=\"async\" width=\"1024\" height=\"672\" src=\"https:\/\/www.okseta.lt\/wp-content\/uploads\/Okseta-nuotraukos-webui-2023-12-21_4-1-1024x672.png\" class=\"attachment-large size-large\" alt=\"\" srcset=\"https:\/\/www.okseta.lt\/wp-content\/uploads\/Okseta-nuotraukos-webui-2023-12-21_4-1-1024x672.png 1024w, https:\/\/www.okseta.lt\/wp-content\/uploads\/Okseta-nuotraukos-webui-2023-12-21_4-1-300x197.png 300w, https:\/\/www.okseta.lt\/wp-content\/uploads\/Okseta-nuotraukos-webui-2023-12-21_4-1.png 1080w\" sizes=\"auto, (max-width: 1024px) 100vw, 1024px\" \/><\/div><\/div><\/div><\/div><div class=\"wpb_column vc_column_container us_custom_0c9345bf us_animate_this\"><div class=\"vc_column-inner\"><div class=\"w-image us_custom_8d5aa4e2 align_none\"><div url class=\"w-image-h\"><img loading=\"lazy\" decoding=\"async\" width=\"1024\" height=\"672\" src=\"https:\/\/www.okseta.lt\/wp-content\/uploads\/Okseta-nuotraukos-webui-2023-12-21_2-1024x672.png\" class=\"attachment-large size-large\" alt=\"\" srcset=\"https:\/\/www.okseta.lt\/wp-content\/uploads\/Okseta-nuotraukos-webui-2023-12-21_2-1024x672.png 1024w, https:\/\/www.okseta.lt\/wp-content\/uploads\/Okseta-nuotraukos-webui-2023-12-21_2-300x197.png 300w, https:\/\/www.okseta.lt\/wp-content\/uploads\/Okseta-nuotraukos-webui-2023-12-21_2.png 1080w\" sizes=\"auto, (max-width: 1024px) 100vw, 1024px\" \/><\/div><\/div><div class=\"w-image align_none\"><div url class=\"w-image-h\"><img loading=\"lazy\" decoding=\"async\" width=\"1024\" height=\"672\" src=\"https:\/\/www.okseta.lt\/wp-content\/uploads\/Okseta-nuotraukos-webui-2023-12-21_5-1-1024x672.png\" class=\"attachment-large size-large\" alt=\"\" srcset=\"https:\/\/www.okseta.lt\/wp-content\/uploads\/Okseta-nuotraukos-webui-2023-12-21_5-1-1024x672.png 1024w, https:\/\/www.okseta.lt\/wp-content\/uploads\/Okseta-nuotraukos-webui-2023-12-21_5-1-300x197.png 300w, https:\/\/www.okseta.lt\/wp-content\/uploads\/Okseta-nuotraukos-webui-2023-12-21_5-1.png 1080w\" sizes=\"auto, (max-width: 1024px) 100vw, 1024px\" \/><\/div><\/div><\/div><\/div><div class=\"wpb_column vc_column_container us_custom_08669582 us_animate_this\"><div class=\"vc_column-inner\"><div class=\"w-image us_custom_8d5aa4e2 align_none\"><div url class=\"w-image-h\"><img loading=\"lazy\" decoding=\"async\" width=\"1024\" height=\"672\" src=\"https:\/\/www.okseta.lt\/wp-content\/uploads\/Okseta-nuotraukos-webui-2023-12-21_3-1024x672.png\" class=\"attachment-large size-large\" alt=\"\" srcset=\"https:\/\/www.okseta.lt\/wp-content\/uploads\/Okseta-nuotraukos-webui-2023-12-21_3-1024x672.png 1024w, https:\/\/www.okseta.lt\/wp-content\/uploads\/Okseta-nuotraukos-webui-2023-12-21_3-300x197.png 300w, https:\/\/www.okseta.lt\/wp-content\/uploads\/Okseta-nuotraukos-webui-2023-12-21_3.png 1080w\" sizes=\"auto, (max-width: 1024px) 100vw, 1024px\" \/><\/div><\/div><div class=\"w-image align_none\"><div url class=\"w-image-h\"><img loading=\"lazy\" decoding=\"async\" width=\"1024\" height=\"672\" src=\"https:\/\/www.okseta.lt\/wp-content\/uploads\/Okseta-nuotraukos-webui-2023-12-21_6-1-1024x672.png\" class=\"attachment-large size-large\" alt=\"\" srcset=\"https:\/\/www.okseta.lt\/wp-content\/uploads\/Okseta-nuotraukos-webui-2023-12-21_6-1-1024x672.png 1024w, https:\/\/www.okseta.lt\/wp-content\/uploads\/Okseta-nuotraukos-webui-2023-12-21_6-1-300x197.png 300w, https:\/\/www.okseta.lt\/wp-content\/uploads\/Okseta-nuotraukos-webui-2023-12-21_6-1.png 1080w\" sizes=\"auto, (max-width: 1024px) 100vw, 1024px\" \/><\/div><\/div><\/div><\/div><\/div><\/div><\/section><section class=\"l-section wpb_row us_custom_1037c75f height_auto\"><div class=\"l-section-h i-cf\"><div class=\"g-cols vc_row via_grid cols_1 laptops-cols_inherit tablets-cols_inherit mobiles-cols_1 valign_middle type_default stacking_default\"><div class=\"wpb_column vc_column_container us_custom_a640122a us_animate_this\"><div class=\"vc_column-inner\"><div class=\"w-image align_none\"><div url class=\"w-image-h\"><img loading=\"lazy\" decoding=\"async\" width=\"1808\" height=\"480\" src=\"https:\/\/www.okseta.lt\/wp-content\/uploads\/Sertifikatai-demo-01.png\" class=\"attachment-full size-full\" alt=\"\" srcset=\"https:\/\/www.okseta.lt\/wp-content\/uploads\/Sertifikatai-demo-01.png 1808w, https:\/\/www.okseta.lt\/wp-content\/uploads\/Sertifikatai-demo-01-300x80.png 300w, https:\/\/www.okseta.lt\/wp-content\/uploads\/Sertifikatai-demo-01-1024x272.png 1024w\" sizes=\"auto, (max-width: 1808px) 100vw, 1808px\" \/><\/div><\/div><\/div><\/div><\/div><\/div><\/section>\n","protected":false},"excerpt":{"rendered":"About us Since the very start we have been committed to providing professional and high-quality customer services and project implementation &#8220;Okseta&#8221; is a modern and dynamic company, expanding its activities and adapting to changes in the business environment &#8220;Okseta&#8221; was incorporated back in 1996, when it started wholesale trade in light oil products. In 1997,...","protected":false},"author":1,"featured_media":0,"parent":0,"menu_order":0,"comment_status":"closed","ping_status":"closed","template":"","meta":{"inline_featured_image":false,"footnotes":""},"class_list":["post-1369","page","type-page","status-publish","hentry"],"acf":[],"_links":{"self":[{"href":"https:\/\/www.okseta.lt\/en\/wp-json\/wp\/v2\/pages\/1369","targetHints":{"allow":["GET"]}}],"collection":[{"href":"https:\/\/www.okseta.lt\/en\/wp-json\/wp\/v2\/pages"}],"about":[{"href":"https:\/\/www.okseta.lt\/en\/wp-json\/wp\/v2\/types\/page"}],"author":[{"embeddable":true,"href":"https:\/\/www.okseta.lt\/en\/wp-json\/wp\/v2\/users\/1"}],"replies":[{"embeddable":true,"href":"https:\/\/www.okseta.lt\/en\/wp-json\/wp\/v2\/comments?post=1369"}],"version-history":[{"count":28,"href":"https:\/\/www.okseta.lt\/en\/wp-json\/wp\/v2\/pages\/1369\/revisions"}],"predecessor-version":[{"id":1857,"href":"https:\/\/www.okseta.lt\/en\/wp-json\/wp\/v2\/pages\/1369\/revisions\/1857"}],"wp:attachment":[{"href":"https:\/\/www.okseta.lt\/en\/wp-json\/wp\/v2\/media?parent=1369"}],"curies":[{"name":"wp","href":"https:\/\/api.w.org\/{rel}","templated":true}]}}