{"id":1350,"date":"2023-08-03T18:29:46","date_gmt":"2023-08-03T15:29:46","guid":{"rendered":"https:\/\/staging.evomedia.lt\/okst.lt\/terminalu-veikla\/"},"modified":"2024-01-04T09:57:48","modified_gmt":"2024-01-04T06:57:48","slug":"operation-of-terminals","status":"publish","type":"page","link":"https:\/\/www.okseta.lt\/en\/services\/operation-of-terminals\/","title":{"rendered":"Operation of terminals"},"content":{"rendered":"<section class=\"l-section wpb_row us_custom_16a7ec08 height_auto\"><div class=\"l-section-h i-cf\"><div class=\"g-cols vc_row via_grid cols_1 laptops-cols_inherit tablets-cols_inherit mobiles-cols_1 valign_top type_default stacking_default\" style=\"grid-gap:0rem;\"><div class=\"wpb_column vc_column_container\"><div class=\"vc_column-inner\"><div class=\"g-cols wpb_row via_grid cols_2 laptops-cols_inherit tablets-cols_inherit mobiles-cols_1 valign_middle type_default stacking_default\" style=\"grid-gap:0rem;\"><div class=\"wpb_column vc_column_container us_custom_a640122a us_animate_this\"><div class=\"vc_column-inner\"><div class=\"w-text us_custom_a71d529a light-title-hero-vidiniuose has_text_color\"><span url class=\"w-text-h\"><span class=\"w-text-value\">Services<\/span><\/span><\/div><div class=\"wpb_text_column us_custom_d78b8cf4 has_text_color\"><div class=\"wpb_wrapper\"><h1>Operation of terminals<\/h1>\n<\/div><\/div><\/div><\/div><div class=\"wpb_column vc_column_container us_custom_4ef5d869 us_animate_this\"><div class=\"vc_column-inner\"><div class=\"w-image additional-hero-img-vidiniuose align_none\"><div url class=\"w-image-h\"><img loading=\"lazy\" decoding=\"async\" width=\"1308\" height=\"690\" src=\"https:\/\/www.okseta.lt\/wp-content\/uploads\/Terminalu-valdymas-hero-01.jpg\" class=\"attachment-full size-full\" alt=\"\" srcset=\"https:\/\/www.okseta.lt\/wp-content\/uploads\/Terminalu-valdymas-hero-01.jpg 1308w, https:\/\/www.okseta.lt\/wp-content\/uploads\/Terminalu-valdymas-hero-01-300x158.jpg 300w, https:\/\/www.okseta.lt\/wp-content\/uploads\/Terminalu-valdymas-hero-01-1024x540.jpg 1024w\" sizes=\"auto, (max-width: 1308px) 100vw, 1308px\" \/><\/div><\/div><\/div><\/div><\/div><div class=\"w-image hero-decoration align_none\"><div url class=\"w-image-h\"><img decoding=\"async\" src=\"https:\/\/www.okseta.lt\/wp-content\/uploads\/Header-hero-detail-01.svg\" class=\"attachment-full size-full\" alt=\"\" \/><\/div><\/div><\/div><\/div><\/div><\/div><\/section><section class=\"l-section wpb_row us_custom_b57e1dc1 us_animate_this height_auto\"><div class=\"l-section-h i-cf\"><div class=\"g-cols vc_row via_grid cols_1-2 laptops-cols_inherit tablets-cols_inherit mobiles-cols_1 valign_top type_default stacking_default\" style=\"grid-gap:0rem;\"><div class=\"wpb_column vc_column_container us_custom_96195c05\"><div class=\"vc_column-inner\"><div class=\"wpb_text_column us_custom_2ca1acfd\"><div class=\"wpb_wrapper\"><h2>Wholesale trade, short-term and long-term storage and warehousing of light oil products (petrol, diesel and petroleum gas)<\/h2>\n<\/div><\/div><div class=\"w-separator size_custom\" style=\"height:0px\" id=\"c7de\"><style>@media(max-width:1024px){ #c7de{height:35px!important}}@media(max-width:600px){ #c7de{height:35px!important}}<\/style><\/div><\/div><\/div><div class=\"wpb_column vc_column_container\"><div class=\"vc_column-inner\"><div class=\"wpb_text_column\"><div class=\"wpb_wrapper\"><p><strong>&#8220;Okseta&#8221; currently operates four oil product terminals in Kaunas, K\u0117dainiai, Panev\u0117\u017eys and Marijampol\u0117.<\/strong><\/p>\n<\/div><\/div><div class=\"w-separator size_custom\" style=\"height:30px\" id=\"ga6a\"><style><\/style><\/div><div class=\"wpb_text_column\"><div class=\"wpb_wrapper\"><p>The terminals are used to provide our customers with petroleum products, as well as oil products handling and storage services in terminal tanks.<\/p>\n<\/div><\/div><div class=\"w-separator size_custom\" style=\"height:30px\" id=\"lbf8\"><style><\/style><\/div><div class=\"wpb_text_column\"><div class=\"wpb_wrapper\"><p>All terminals provide storage and additive mixing-in services for bio-based components and multifunctional additives. Our warehouses for excise goods are open for customers\u2019 sale and purchase procedures.<\/p>\n<\/div><\/div><\/div><\/div><\/div><\/div><\/section><section class=\"l-section wpb_row us_custom_c89e92ba custom-default-lists us_animate_this height_auto\"><div class=\"l-section-h i-cf\"><div class=\"g-cols vc_row via_grid cols_1 laptops-cols_inherit tablets-cols_inherit mobiles-cols_1 valign_top type_default stacking_default\"><div class=\"wpb_column vc_column_container\"><div class=\"vc_column-inner\"><div class=\"g-cols wpb_row via_grid cols_1 laptops-cols_inherit tablets-cols_inherit mobiles-cols_1 valign_top type_default stacking_default\"><div class=\"wpb_column vc_column_container\"><div class=\"vc_column-inner\"><div class=\"wpb_text_column row-title\"><div class=\"wpb_wrapper\"><h4>Services provided by oil terminals:<\/h4>\n<\/div><\/div><\/div><\/div><\/div><div class=\"w-separator size_custom\" style=\"height:60px\" id=\"d31b\"><style>@media(max-width:1024px){ #d31b{height:0px!important}}@media(max-width:600px){ #d31b{height:0px!important}}<\/style><\/div><div class=\"g-cols wpb_row via_grid cols_2 laptops-cols_inherit tablets-cols_inherit mobiles-cols_1 valign_top type_default stacking_default\" style=\"grid-gap:0rem;\"><div class=\"wpb_column vc_column_container\"><div class=\"vc_column-inner\"><div class=\"wpb_text_column us_custom_a4fdb2b3\"><div class=\"wpb_wrapper\"><h4><\/h4>\n<ul>\n<li>Receipt, storage and dispensing of oil products and additives;<\/li>\n<li>Additives mixing-in to oil products;<\/li>\n<li>Services of oil product storage and additive mixing-in for bio-based components and multifunctional additives.<\/li>\n<li>Short-term and long-term storage and handling of oil products (petrol and diesel) for businesses;<\/li>\n<li>Transfer of light oil products from railway tankers to storage tanks.<\/li>\n<\/ul>\n<\/div><\/div><\/div><\/div><div class=\"wpb_column vc_column_container\"><div class=\"vc_column-inner\"><div class=\"wpb_text_column us_custom_04186d6e\"><div class=\"wpb_wrapper\"><ul>\n<li>Receiving and loading oil products from and onto tankers;<\/li>\n<li>Determining oil products quality parameters;<\/li>\n<li>Oil products blending;<\/li>\n<li>Fuel quality monitoring;<\/li>\n<li>Accounting, document preparation and other services oil products received, stored and dispensed at the terminal.<\/li>\n<\/ul>\n<\/div><\/div><\/div><\/div><\/div><\/div><\/div><\/div><\/div><\/section><section class=\"l-section wpb_row us_custom_85d168e9 custom-default-lists us_animate_this height_medium\"><div class=\"l-section-h i-cf\"><div class=\"g-cols vc_row via_grid cols_1 laptops-cols_inherit tablets-cols_inherit mobiles-cols_1 valign_top type_default stacking_default\"><div class=\"wpb_column vc_column_container\"><div class=\"vc_column-inner\"><div class=\"g-cols wpb_row via_grid cols_2 laptops-cols_inherit tablets-cols_inherit mobiles-cols_1 valign_middle type_default stacking_default\"><div class=\"wpb_column vc_column_container\"><div class=\"vc_column-inner\"><div class=\"wpb_text_column row-title\"><div class=\"wpb_wrapper\"><h4>We handle the following oil products at our terminals:<\/h4>\n<\/div><\/div><div class=\"w-separator size_custom\" style=\"height:30px\" id=\"vf9b\"><style>@media(max-width:1024px){ #vf9b{height:0px!important}}@media(max-width:600px){ #vf9b{height:0px!important}}<\/style><\/div><div class=\"wpb_text_column\"><div class=\"wpb_wrapper\"><ul>\n<li>Various types of diesel fuel;<\/li>\n<li>Various types of petrol and its components;<\/li>\n<li>Biofuels and their components;<\/li>\n<li>Car gas.<\/li>\n<\/ul>\n<\/div><\/div><div class=\"w-separator size_custom\" style=\"height:0px\" id=\"d17c\"><style>@media(max-width:1024px){ #d17c{height:30px!important}}@media(max-width:600px){ #d17c{height:30px!important}}<\/style><\/div><\/div><\/div><div class=\"wpb_column vc_column_container\"><div class=\"vc_column-inner\"><div class=\"w-image align_none\"><div url class=\"w-image-h\"><img loading=\"lazy\" decoding=\"async\" width=\"1920\" height=\"1294\" src=\"https:\/\/www.okseta.lt\/wp-content\/uploads\/PASLAUGOS-terminalu-veikla-04.png\" class=\"attachment-full size-full\" alt=\"\" srcset=\"https:\/\/www.okseta.lt\/wp-content\/uploads\/PASLAUGOS-terminalu-veikla-04.png 1920w, https:\/\/www.okseta.lt\/wp-content\/uploads\/PASLAUGOS-terminalu-veikla-04-300x202.png 300w, https:\/\/www.okseta.lt\/wp-content\/uploads\/PASLAUGOS-terminalu-veikla-04-1024x690.png 1024w\" sizes=\"auto, (max-width: 1920px) 100vw, 1920px\" \/><\/div><\/div><\/div><\/div><\/div><div class=\"w-separator size_custom\" style=\"height:90px\" id=\"j87e\"><style><\/style><\/div><div class=\"g-cols wpb_row via_grid cols_1 laptops-cols_inherit tablets-cols_inherit mobiles-cols_1 valign_top type_default stacking_default\"><div class=\"wpb_column vc_column_container\"><div class=\"vc_column-inner\"><div class=\"wpb_text_column row-title\"><div class=\"wpb_wrapper\"><h4>About our oil tanks<\/h4>\n<\/div><\/div><div class=\"w-separator size_custom\" style=\"height:30px\" id=\"xbe3\"><style>@media(max-width:1024px){ #xbe3{height:0px!important}}@media(max-width:600px){ #xbe3{height:0px!important}}<\/style><\/div><div class=\"wpb_text_column\"><div class=\"wpb_wrapper\"><ul>\n<li>The oil storage tank park consists of 71 tanks with a total volume of approximately 95 730 m<sup>3<\/sup>;<\/li>\n<li>The gas storage tank park consists of 23 tanks with a total volume of approximately 3 420 m<sup>3<\/sup>;<\/li>\n<li>The exteriors of all oil terminal tanks are coated with heat-reflective paint complying with LAND 35-2000;<\/li>\n<li>The bottom of all tanks is coated with oil-resistant paints to maintain not only the quality of the oil products in the tanks, but also the protection of surrounding environment;<\/li>\n<li>Some of the tanks are equipped with floating pontoons to reduce evaporation of petroleum products and environmental pollution.<\/li>\n<\/ul>\n<\/div><\/div><\/div><\/div><\/div><div class=\"w-separator size_custom\" style=\"height:0px\" id=\"qe09\"><style><\/style><\/div><div class=\"g-cols wpb_row us_custom_d6413e2d via_grid cols_3 laptops-cols_inherit tablets-cols_inherit mobiles-cols_1 valign_top type_default stacking_default\"><div class=\"wpb_column vc_column_container us_custom_018d35f8 us_animate_this\"><div class=\"vc_column-inner\"><div class=\"w-image align_none\"><div url class=\"w-image-h\"><img loading=\"lazy\" decoding=\"async\" width=\"1024\" height=\"672\" src=\"https:\/\/www.okseta.lt\/wp-content\/uploads\/PASLAUGOS-terminalu-veikla_1-1024x672.png\" class=\"attachment-large size-large\" alt=\"\" srcset=\"https:\/\/www.okseta.lt\/wp-content\/uploads\/PASLAUGOS-terminalu-veikla_1-1024x672.png 1024w, https:\/\/www.okseta.lt\/wp-content\/uploads\/PASLAUGOS-terminalu-veikla_1-300x197.png 300w, https:\/\/www.okseta.lt\/wp-content\/uploads\/PASLAUGOS-terminalu-veikla_1.png 1080w\" sizes=\"auto, (max-width: 1024px) 100vw, 1024px\" \/><\/div><\/div><\/div><\/div><div class=\"wpb_column vc_column_container us_custom_0c9345bf us_animate_this\"><div class=\"vc_column-inner\"><div class=\"w-image align_none\"><div url class=\"w-image-h\"><img loading=\"lazy\" decoding=\"async\" width=\"1024\" height=\"672\" src=\"https:\/\/www.okseta.lt\/wp-content\/uploads\/PASLAUGOS-terminalu-veikla_6-1024x672.png\" class=\"attachment-large size-large\" alt=\"\" srcset=\"https:\/\/www.okseta.lt\/wp-content\/uploads\/PASLAUGOS-terminalu-veikla_6-1024x672.png 1024w, https:\/\/www.okseta.lt\/wp-content\/uploads\/PASLAUGOS-terminalu-veikla_6-300x197.png 300w, https:\/\/www.okseta.lt\/wp-content\/uploads\/PASLAUGOS-terminalu-veikla_6.png 1920w\" sizes=\"auto, (max-width: 1024px) 100vw, 1024px\" \/><\/div><\/div><\/div><\/div><div class=\"wpb_column vc_column_container us_custom_08669582 us_animate_this\"><div class=\"vc_column-inner\"><div class=\"w-image align_none\"><div url class=\"w-image-h\"><img loading=\"lazy\" decoding=\"async\" width=\"1024\" height=\"672\" src=\"https:\/\/www.okseta.lt\/wp-content\/uploads\/PASLAUGOS-terminalu-veikla_3-1024x672.png\" class=\"attachment-large size-large\" alt=\"\" srcset=\"https:\/\/www.okseta.lt\/wp-content\/uploads\/PASLAUGOS-terminalu-veikla_3-1024x672.png 1024w, https:\/\/www.okseta.lt\/wp-content\/uploads\/PASLAUGOS-terminalu-veikla_3-300x197.png 300w, https:\/\/www.okseta.lt\/wp-content\/uploads\/PASLAUGOS-terminalu-veikla_3.png 1080w\" sizes=\"auto, (max-width: 1024px) 100vw, 1024px\" \/><\/div><\/div><\/div><\/div><\/div><\/div><\/div><\/div><\/div><\/section>\n","protected":false},"excerpt":{"rendered":"ServicesOperation of terminals Wholesale trade, short-term and long-term storage and warehousing of light oil products (petrol, diesel and petroleum gas) &#8220;Okseta&#8221; currently operates four oil product terminals in Kaunas, K\u0117dainiai, Panev\u0117\u017eys and Marijampol\u0117. The terminals are used to provide our customers with petroleum products, as well as oil products handling and storage services in terminal...","protected":false},"author":1,"featured_media":0,"parent":1361,"menu_order":0,"comment_status":"closed","ping_status":"closed","template":"","meta":{"inline_featured_image":false,"footnotes":""},"class_list":["post-1350","page","type-page","status-publish","hentry"],"acf":[],"_links":{"self":[{"href":"https:\/\/www.okseta.lt\/en\/wp-json\/wp\/v2\/pages\/1350","targetHints":{"allow":["GET"]}}],"collection":[{"href":"https:\/\/www.okseta.lt\/en\/wp-json\/wp\/v2\/pages"}],"about":[{"href":"https:\/\/www.okseta.lt\/en\/wp-json\/wp\/v2\/types\/page"}],"author":[{"embeddable":true,"href":"https:\/\/www.okseta.lt\/en\/wp-json\/wp\/v2\/users\/1"}],"replies":[{"embeddable":true,"href":"https:\/\/www.okseta.lt\/en\/wp-json\/wp\/v2\/comments?post=1350"}],"version-history":[{"count":23,"href":"https:\/\/www.okseta.lt\/en\/wp-json\/wp\/v2\/pages\/1350\/revisions"}],"predecessor-version":[{"id":1865,"href":"https:\/\/www.okseta.lt\/en\/wp-json\/wp\/v2\/pages\/1350\/revisions\/1865"}],"up":[{"embeddable":true,"href":"https:\/\/www.okseta.lt\/en\/wp-json\/wp\/v2\/pages\/1361"}],"wp:attachment":[{"href":"https:\/\/www.okseta.lt\/en\/wp-json\/wp\/v2\/media?parent=1350"}],"curies":[{"name":"wp","href":"https:\/\/api.w.org\/{rel}","templated":true}]}}